{"id":39,"date":"2021-04-09T21:47:09","date_gmt":"2021-04-09T19:47:09","guid":{"rendered":"https:\/\/eduart.zcu.cz\/?page_id=39"},"modified":"2021-05-12T11:46:22","modified_gmt":"2021-05-12T09:46:22","slug":"index","status":"publish","type":"page","link":"https:\/\/eduart.zcu.cz\/","title":{"rendered":""},"content":{"rendered":"\n<div class=\"wp-block-columns\">\n<div class=\"wp-block-column\" style=\"flex-basis:100%\">\n<div class=\"wp-block-group\"><div class=\"wp-block-group__inner-container\">\n<div class=\"wp-block-columns\">\n<div class=\"wp-block-column\" style=\"flex-basis:100%\">\n<div class=\"wp-block-media-text alignwide has-media-on-the-right is-stacked-on-mobile is-vertically-aligned-center\" style=\"grid-template-columns:auto 32%\"><figure class=\"wp-block-media-text__media\"><img loading=\"lazy\" width=\"390\" height=\"680\" src=\"https:\/\/eduart.zcu.cz\/wp-content\/uploads\/2021\/04\/Eduard-680.png\" alt=\"\" class=\"wp-image-77 size-full\" srcset=\"https:\/\/eduart.zcu.cz\/wp-content\/uploads\/2021\/04\/Eduard-680.png 390w, https:\/\/eduart.zcu.cz\/wp-content\/uploads\/2021\/04\/Eduard-680-172x300.png 172w\" sizes=\"(max-width: 390px) 100vw, 390px\" \/><\/figure><div class=\"wp-block-media-text__content\">\n<p class=\"has-white-color has-text-color has-background\" style=\"background-color:#009e8e;font-size:18px\">V\u00edtej! J\u00e1 jsem Eduard  a budu tady tv\u00fdm pr\u016fvodcem. A kam \u017ee jsi se to vlastn\u011b dostal\/a? <br><br>Tohle je str\u00e1nka pro v\u0161echny, co r\u00e1di tvo\u0159\u00ed, kresl\u00ed, maluj\u00ed. P\u0159ipravil jsem spoustu tvo\u0159iv\u00fdch projekt\u016f, p\u0159i kter\u00fdch si u\u017eije\u0161 spoustu z\u00e1bavy a nav\u00edc se i n\u011bco nau\u010d\u00ed\u0161. M\u016f\u017ee\u0161 si vybrat, kter\u00fdkoliv se ti l\u00edb\u00ed. Tak co, jde\u0161 do toho se mnou?<\/p>\n<\/div><\/div>\n<\/div>\n<\/div>\n<\/div><\/div>\n<\/div>\n<\/div>\n\n\n\n<div class=\"wp-block-columns\">\n<div class=\"wp-block-column\">\n<p class=\"has-text-align-center has-white-color has-text-color has-background\" style=\"background-color:#f80012;font-size:18px\"><strong>V\u011bk<\/strong><\/p>\n\n\n\n<p class=\"has-text-align-center has-text-color\" style=\"color:#f80012;font-size:18px\"><strong><a href=\"https:\/\/eduart.zcu.cz\/index.php\/course-difficulty\/od-6-let\/\"><span style=\"text-decoration: underline;\">Od \u0161esti let<\/span><\/a><br><a href=\"https:\/\/eduart.zcu.cz\/index.php\/course-difficulty\/od-8-let\/\"><span style=\"text-decoration: underline;\">Od osmi let<\/span><\/a><br><span style=\"text-decoration: underline;\"><a href=\"https:\/\/eduart.zcu.cz\/index.php\/course-difficulty\/od-12-let\/\">Od dvan\u00e1cti let<\/a><br><a href=\"https:\/\/eduart.zcu.cz\/index.php\/course-difficulty\/od-15-let\/\">Od patn\u00e1cti let<\/a><\/span><\/strong><\/p>\n<\/div>\n\n\n\n<div class=\"wp-block-column\">\n<p class=\"has-text-align-center has-white-color has-text-color has-background\" style=\"background-color:#009e8e;font-size:18px\"><strong>Technika<\/strong><\/p>\n\n\n\n<p class=\"has-text-align-center has-text-color\" style=\"color:#009e8e;font-size:18px\"><strong><a href=\"https:\/\/eduart.zcu.cz\/index.php\/course-category\/temperove-akrylove-barvy\/\"><span style=\"text-decoration: underline;\">Temperov\u00e9\/akrylov\u00e9 barvy<\/span><\/a><\/strong><br><strong><span style=\"text-decoration: underline;\"><a href=\"https:\/\/eduart.zcu.cz\/index.php\/course-category\/suchy-pastel\/\">Such\u00e9 pastely<\/a><\/span><\/strong><br><a href=\"https:\/\/eduart.zcu.cz\/index.php\/course-category\/kolaz-barevne-papiry\/\"><strong><span style=\"text-decoration: underline;\">Kol\u00e1\u017e (barevn\u00e9 pap\u00edry)<\/span><\/strong><\/a><br><a href=\"https:\/\/eduart.zcu.cz\/index.php\/course-category\/vodovky-akvarel\"><strong><span style=\"text-decoration: underline;\">Vodovky (akvarel)<\/span><\/strong><\/a><br><a href=\"https:\/\/eduart.zcu.cz\/index.php\/course-category\/pastelky\/\"><strong><span style=\"text-decoration: underline;\">Pastelky<\/span><\/strong><\/a><br><\/p>\n<\/div>\n\n\n\n<div class=\"wp-block-column\">\n<p class=\"has-text-align-center has-white-color has-text-color has-background\" style=\"background-color:#a8f000;font-size:18px\"><strong>Zam\u011b\u0159en\u00ed<\/strong><\/p>\n\n\n\n<p class=\"has-text-align-center has-text-color\" style=\"color:#a8f000;font-size:18px\"><strong><a href=\"https:\/\/eduart.zcu.cz\/index.php\/course-category\/historie-umeni\/\"><span style=\"text-decoration: underline;\">Historie um\u011bn\u00ed<\/span><\/a><\/strong><\/p>\n<\/div>\n<\/div>\n\n\n\n<div class=\"wp-block-columns\">\n<div class=\"wp-block-column\"><\/div>\n\n\n\n<div class=\"wp-block-column\"><\/div>\n\n\n\n<div class=\"wp-block-column\"><\/div>\n<\/div>\n\n\n\n<div class=\"wp-block-columns are-vertically-aligned-center\">\n<div class=\"wp-block-column\" style=\"flex-basis:33.33%\"><\/div>\n\n\n\n<div class=\"wp-block-column\" style=\"flex-basis:66.66%\">\n<p style=\"font-size:19px\"><strong>O projektech<\/strong><\/p>\n\n\n\n<p class=\"has-text-align-left\" style=\"font-size:17px\">Ka\u017ed\u00fd projekt je <strong>za\u0159azen do kategori\u00ed<\/strong> podle doporu\u010den\u00e9ho v\u011bku, techniky a zam\u011b\u0159en\u00ed, aby se ti l\u00e9pe hledalo, co t\u011b skute\u010dn\u011b zaj\u00edm\u00e1. N\u011bkter\u00e9 projekty jsou vytvo\u0159eny pro <strong>samostatnou tvorbu<\/strong>, jin\u00e9 jsou ur\u010deny pro <strong>skupinu<\/strong>. Tato informace je v\u017edy uvedena v popisu projektu. Ne\u017e se do n\u011bjak\u00e9ho projektu pust\u00ed\u0161, rad\u0161i si zkontroluj, \u017ee m\u00e1\u0161 v\u0161echny <strong>pot\u0159ebn\u00e9 materi\u00e1ly<\/strong> na tvo\u0159en\u00ed. N\u011bkdy se toti\u017e m\u016f\u017ee st\u00e1t, \u017ee se p\u0159i projektu pou\u017e\u00edvaj\u00ed i n\u011bjak\u00e9 netradi\u010dn\u00ed materi\u00e1ly. Pak je lep\u0161\u00ed si projekt napl\u00e1novat na pozd\u011bji a sehnat si v\u0161e pot\u0159ebn\u00e9.<\/p>\n\n\n\n<p style=\"font-size:17px\">Kdy\u017e proekt dokon\u010d\u00ed\u0161, m\u00e1\u0161 mo\u017enost sv\u016fj v\u00fdtvor <strong>nahr\u00e1t do galerie<\/strong> a pod\u011blit se tak s ostatn\u00edmi u\u017eivateli. Nechyb\u00ed ani mo\u017enost <strong>komentovat<\/strong>, abys mohl\/a odpov\u00eddat na ot\u00e1zky k projektu nebo se jen pod\u011blit o to, jak se ti projekt l\u00edb\u00ed.<\/p>\n<\/div>\n<\/div>\n","protected":false},"excerpt":{"rendered":"<p>V\u00edtej! J\u00e1 jsem Eduard a budu tady tv\u00fdm pr\u016fvodcem. A kam \u017ee jsi se to vlastn\u011b dostal\/a? Tohle je str\u00e1nka pro v\u0161echny, co r\u00e1di tvo\u0159\u00ed, kresl\u00ed, maluj\u00ed. P\u0159ipravil jsem spoustu tvo\u0159iv\u00fdch projekt\u016f, p\u0159i kter\u00fdch si u\u017eije\u0161 spoustu z\u00e1bavy a nav\u00edc se i n\u011bco nau\u010d\u00ed\u0161. M\u016f\u017ee\u0161 si vybrat, kter\u00fdkoliv se ti l\u00edb\u00ed. Tak co, jde\u0161 do [&hellip;]<\/p>\n","protected":false},"author":2,"featured_media":0,"parent":0,"menu_order":0,"comment_status":"closed","ping_status":"closed","template":"","meta":[],"_links":{"self":[{"href":"https:\/\/eduart.zcu.cz\/index.php\/wp-json\/wp\/v2\/pages\/39"}],"collection":[{"href":"https:\/\/eduart.zcu.cz\/index.php\/wp-json\/wp\/v2\/pages"}],"about":[{"href":"https:\/\/eduart.zcu.cz\/index.php\/wp-json\/wp\/v2\/types\/page"}],"author":[{"embeddable":true,"href":"https:\/\/eduart.zcu.cz\/index.php\/wp-json\/wp\/v2\/users\/2"}],"replies":[{"embeddable":true,"href":"https:\/\/eduart.zcu.cz\/index.php\/wp-json\/wp\/v2\/comments?post=39"}],"version-history":[{"count":106,"href":"https:\/\/eduart.zcu.cz\/index.php\/wp-json\/wp\/v2\/pages\/39\/revisions"}],"predecessor-version":[{"id":450,"href":"https:\/\/eduart.zcu.cz\/index.php\/wp-json\/wp\/v2\/pages\/39\/revisions\/450"}],"wp:attachment":[{"href":"https:\/\/eduart.zcu.cz\/index.php\/wp-json\/wp\/v2\/media?parent=39"}],"curies":[{"name":"wp","href":"https:\/\/api.w.org\/{rel}","templated":true}]}}